{"id":9,"date":"2011-04-25T12:02:56","date_gmt":"2011-04-25T12:02:56","guid":{"rendered":"http:\/\/www.examen-ohne-repetitor.de\/index_neu.php\/?page_id=9"},"modified":"2011-06-10T15:07:27","modified_gmt":"2011-06-10T15:07:27","slug":"start","status":"publish","type":"page","link":"https:\/\/www.examen-ohne-repetitor.de\/","title":{"rendered":""},"content":{"rendered":"<p>Wir begr\u00fc\u00ad\u00dfen Dich ganz herz\u00adlich auf der Ver\u00adnet\u00adzungs-, Kom\u00admu\u00adni\u00adka\u00adti\u00adons- und Infor\u00adma\u00adti\u00adons\u00adplatt\u00adform rund um eine selbst\u00adbe\u00adstimm\u00adte und erfolg\u00adrei\u00adche Vor\u00adbe\u00adrei\u00adtung auf das juris\u00adti\u00adsche Staats\u00adexamen \u2013 ohne den kom\u00admer\u00adzi\u00adel\u00adlen Repe\u00adti\u00adtor (\u201eEx-o-Rep\u201c).<\/p>\n<h3>Idee dieser Seite<\/h3>\n<p>Die\u00adse Sei\u00adte ist ent\u00adstan\u00adden im Zusam\u00admen\u00adhang mit der im Fr\u00fch\u00adjahr 2011 ver\u00ad\u00f6f\u00adfent\u00adlich\u00adten Neu\u00adauf\u00adla\u00adge des im Nomos-Ver\u00adlag erschei\u00adnen\u00adden Buches <a href=\"http:\/\/www.nomos-shop.de\/Deppner-Lehnert-Rusche-Wapler-Examen-Repetitor\/productview.aspx?product=12706\">\u201eExamen ohne Repe\u00adti\u00adtor - Leit\u00adfa\u00adden f\u00fcr eine selbst\u00adbe\u00adstimm\u00adte und erfolg\u00adrei\u00adche Examens\u00advor\u00adbe\u00adrei\u00adtung\u201c<\/a>. Sie soll in Erg\u00e4n\u00adzung zu dem Buch der aktu\u00adel\u00adlen Infor\u00adma\u00adti\u00adon und Ver\u00adnet\u00adzung von Ex-o-Rep-Wil\u00adli\u00adgen die\u00adnen und eine zen\u00adtra\u00adle Anlauf\u00adstel\u00adle rund um das The\u00adma Examen ohne Repe\u00adti\u00adtor sein. Daf\u00fcr bie\u00adten wir euch einen <a href=\"\/wiki\/index.php\/\u00dcberblick_\u00fcber_die_Examensvorbereitungsangebote_der_rechtswissenschaftlichen_Fakult\u00e4ten\">\u00dcber\u00adblick \u00fcber die Examens\u00advor\u00adbe\u00adrei\u00adtungs\u00adan\u00adge\u00adbo\u00adte der Uni\u00adver\u00adsi\u00adt\u00e4\u00adten<\/a>, eine umfang\u00adrei\u00adche <a href=\"\/wiki\/index.php\/Linksammlung\">Link\u00adsamm\u00adlung<\/a> zu Ex-o-Rep und ein <a href=\"\/forum\/\">Forum<\/a>, in dem ihr euch aus\u00adtau\u00adschen, juris\u00adti\u00adsche Pro\u00adble\u00adme dis\u00adku\u00adtie\u00adren oder nach Lern\u00adgrup\u00adpen suchen k\u00f6nnt.<\/p>\n<p>Mit\u00adtel\u00adfris\u00adtig pla\u00adnen wir au\u00dfer\u00addem einen aktu\u00adel\u00adlen Ver\u00adan\u00adstal\u00adtungs\u00ad\u00fcber\u00adblick zu Uni\u00adver\u00adsi\u00adt\u00e4ts\u00adver\u00adan\u00adstal\u00adtun\u00adgen rund um \u201eEx-o-Rep\u201c.<\/p>\n<h3>Mitmachen!<\/h3>\n<p>Schl\u00fcs\u00adsel zum Erfolg eines sol\u00adchen Online-Pro\u00adjekts ist in unse\u00adren Augen das kon\u00adse\u00adquen\u00adte Set\u00adzen auf \u201euser gene\u00adra\u00adted con\u00adtent\u201c \u2013 also auf euch. Ihr wisst am bes\u00adten, was bei euch los ist, wel\u00adche Infos ihr braucht und wo ihr sie fin\u00addet. Was die\u00adse Home\u00adpage will, ist vor allem eines: Euch zusam\u00admen\u00adzu\u00adbrin\u00adgen, damit ihr von euren Erfah\u00adrun\u00adgen und eurem Wis\u00adsen gegen\u00adsei\u00adtig pro\u00adfi\u00adtie\u00adren k\u00f6nnt. Denn abseits des von kom\u00admer\u00adzi\u00adel\u00adlen Repe\u00adti\u00adto\u00adri\u00aden gepr\u00e4g\u00adten Main\u00adstreams der Examens\u00advor\u00adbe\u00adrei\u00adtung k\u00e4mpft es sich im Team deut\u00adlich leich\u00adter \u2013 sei es gegen Lern\u00adstress, Examens\u00adfrust oder die Ver\u00adun\u00adsi\u00adche\u00adrung durch Kommerz-Reps.<\/p>\n<p>Also: <a href=\"\/forum\/ucp.php?mode=register\">Regis\u00adtriert euch<\/a>, schreibt mit <a href=\"\/wiki\/\">im Wiki<\/a> und betei\u00adligt euch <a href=\"\/forum\/\">im Forum<\/a>!<\/p>\n<h3>(Klitzekleiner) Disclaimer<\/h3>\n<p>Die\u00adse Home\u00adpage wird betreut von den <a href=\"index_neu.php\/?page_id=2\">Buch-AutorIn\u00adnen<\/a>, also von Thors\u00adten Depp\u00adner, Mat\u00adthi\u00adas Leh\u00adnert, Phil\u00adip Rusche und Frie\u00adde\u00adri\u00adke Wap\u00adler. Wir arbei\u00adten hier ohne Wer\u00adbung oder sons\u00adti\u00adge Bezah\u00adlung, also \u201eehren\u00adamt\u00adlich\u201c in unse\u00adrer Frei\u00adzeit. Bit\u00adte seht es uns also nach, wenn wir nicht immer sofort auf W\u00fcn\u00adsche und Vor\u00adschl\u00e4\u00adge reagie\u00adren k\u00f6n\u00adnen. Nat\u00fcr\u00adlich freu\u00aden wir uns trotz\u00addem \u00fcber eure \u2013 ger\u00adne auch kri\u00adti\u00adschen \u2013 R\u00fcckmeldungen.<\/p>\n","protected":false},"excerpt":{"rendered":"<p>Wir begr\u00fc\u00ad\u00dfen Dich ganz herz\u00adlich auf der Ver\u00ad\u00ad\u00adne\u00adt\u00ad\u00adzungs-, Kom\u00ad\u00admu\u00ad\u00adni\u00ad\u00adka\u00ad\u00adti\u00adons- und Infor\u00adma\u00adti\u00adons\u00adplatt\u00adform rund um eine selbst\u00adbe\u00adstimm\u00adte und erfolg\u00adrei\u00adche Vor\u00adbe\u00adrei\u00adtung auf das juris\u00adti\u00adsche Staats\u00adexamen \u2013 ohne den kom\u00admer\u00adzi\u00adel\u00adlen Repe\u00adti\u00adtor (\u201eEx-o-Rep\u201c). Idee die\u00adser Sei\u00adte Die\u00adse Sei\u00adte ist ent\u00adstan\u00adden im Zusam\u00admen\u00adhang mit der im \u2026 <a href=\"https:\/\/www.examen-ohne-repetitor.de\/\">Con\u00adti\u00adnue rea\u00adding <span class=\"meta-nav\">\u2192<\/span><\/a><\/p>\n","protected":false},"author":1,"featured_media":0,"parent":0,"menu_order":1,"comment_status":"closed","ping_status":"closed","template":"","meta":{"wp_typography_post_enhancements_disabled":false,"footnotes":""},"class_list":["post-9","page","type-page","status-publish","hentry"],"_links":{"self":[{"href":"https:\/\/www.examen-ohne-repetitor.de\/index.php?rest_route=\/wp\/v2\/pages\/9","targetHints":{"allow":["GET"]}}],"collection":[{"href":"https:\/\/www.examen-ohne-repetitor.de\/index.php?rest_route=\/wp\/v2\/pages"}],"about":[{"href":"https:\/\/www.examen-ohne-repetitor.de\/index.php?rest_route=\/wp\/v2\/types\/page"}],"author":[{"embeddable":true,"href":"https:\/\/www.examen-ohne-repetitor.de\/index.php?rest_route=\/wp\/v2\/users\/1"}],"replies":[{"embeddable":true,"href":"https:\/\/www.examen-ohne-repetitor.de\/index.php?rest_route=%2Fwp%2Fv2%2Fcomments&post=9"}],"version-history":[{"count":29,"href":"https:\/\/www.examen-ohne-repetitor.de\/index.php?rest_route=\/wp\/v2\/pages\/9\/revisions"}],"predecessor-version":[{"id":75,"href":"https:\/\/www.examen-ohne-repetitor.de\/index.php?rest_route=\/wp\/v2\/pages\/9\/revisions\/75"}],"wp:attachment":[{"href":"https:\/\/www.examen-ohne-repetitor.de\/index.php?rest_route=%2Fwp%2Fv2%2Fmedia&parent=9"}],"curies":[{"name":"wp","href":"https:\/\/api.w.org\/{rel}","templated":true}]}}